{"id":13,"date":"2025-06-19T23:06:13","date_gmt":"2025-06-19T21:06:13","guid":{"rendered":"http:\/\/faurymus.com\/?page_id=13"},"modified":"2025-06-19T23:40:26","modified_gmt":"2025-06-19T21:40:26","slug":"professeur-deducation-musicale-et-chant-choral","status":"publish","type":"page","link":"http:\/\/faurymus.com\/index.php\/professeur-deducation-musicale-et-chant-choral\/","title":{"rendered":"Professeur d&#8217;\u00e9ducation musicale et chant choral"},"content":{"rendered":"\n<p>Coll\u00e8ge Jean Lur\u00e7at &#8211; SARCELLES &#8211; 1999\/2012<\/p>\n\n\n<div class=\"wp-block-image\">\n<figure class=\"aligncenter size-large\"><img loading=\"lazy\" decoding=\"async\" width=\"1024\" height=\"658\" src=\"https:\/\/faurymus.com\/wp-content\/uploads\/2025\/06\/siteon0-1024x658.jpg\" alt=\"\" class=\"wp-image-18\" srcset=\"http:\/\/faurymus.com\/wp-content\/uploads\/2025\/06\/siteon0-1024x658.jpg 1024w, http:\/\/faurymus.com\/wp-content\/uploads\/2025\/06\/siteon0-300x193.jpg 300w, http:\/\/faurymus.com\/wp-content\/uploads\/2025\/06\/siteon0-768x493.jpg 768w, http:\/\/faurymus.com\/wp-content\/uploads\/2025\/06\/siteon0-1536x987.jpg 1536w, http:\/\/faurymus.com\/wp-content\/uploads\/2025\/06\/siteon0.jpg 1600w\" sizes=\"auto, (max-width: 1024px) 100vw, 1024px\" \/><\/figure>\n<\/div>\n\n\n<p>Apr\u00e8s des \u00e9tudes au conservatoire de musique de Franconville et une licence de musicologie, j&#8217;ai d\u00e9but\u00e9 en tant que professeur vacataire d&#8217;\u00e9ducation musicale au coll\u00e8ge Chabanne de Pointoise.<\/p>\n\n\n\n<p>Titulaire d&#8217;un CAPES d&#8217;\u00e9ducation et chant choral en 1999 , j&#8217;ai poursuivi en tant que professeur d&#8217;\u00e9ducation musicale et chant choral au coll\u00e8ge Jean Lur\u00e7at pendant 12 ans (de la rentr\u00e9e 1999 \u00e0 2012).<\/p>\n\n\n\n<p>12 ann\u00e9es de plaisir et de fantastiques rencontres avec les \u00e9l\u00e8ves, leurs familles et les coll\u00e8gues dont certains sont rest\u00e9s toujours en contact.<\/p>\n\n\n\n<p>Vous trouverez sur cet espace des documents p\u00e9dagogiques, des applications informatiques, des concerts et diff\u00e9rentes ressources que je partage.<\/p>\n\n\n\n<div class=\"wp-block-buttons is-layout-flex wp-block-buttons-is-layout-flex\">\n<div class=\"wp-block-button\"><a class=\"wp-block-button__link wp-element-button\" href=\"https:\/\/faurymus.com\/index.php\/2025\/06\/19\/applications-informatiques\/\">Applications informatiques<\/a><\/div>\n<\/div>\n","protected":false},"excerpt":{"rendered":"<p>Coll\u00e8ge Jean Lur\u00e7at &#8211; SARCELLES &#8211; 1999\/2012 Apr\u00e8s des \u00e9tudes au conservatoire de musique de Franconville et une licence de musicologie, j&#8217;ai d\u00e9but\u00e9 en tant que professeur vacataire d&#8217;\u00e9ducation musicale au coll\u00e8ge Chabanne de Pointoise. Titulaire d&#8217;un CAPES d&#8217;\u00e9ducation et chant choral en 1999 , j&#8217;ai poursuivi en tant que professeur d&#8217;\u00e9ducation musicale et chant <a class=\"more-link\" href=\"http:\/\/faurymus.com\/index.php\/professeur-deducation-musicale-et-chant-choral\/\">Lire plus &#8230;<\/a><\/p>\n","protected":false},"author":1,"featured_media":0,"parent":0,"menu_order":0,"comment_status":"closed","ping_status":"closed","template":"","meta":{"footnotes":""},"class_list":["post-13","page","type-page","status-publish","hentry"],"_links":{"self":[{"href":"http:\/\/faurymus.com\/index.php\/wp-json\/wp\/v2\/pages\/13","targetHints":{"allow":["GET"]}}],"collection":[{"href":"http:\/\/faurymus.com\/index.php\/wp-json\/wp\/v2\/pages"}],"about":[{"href":"http:\/\/faurymus.com\/index.php\/wp-json\/wp\/v2\/types\/page"}],"author":[{"embeddable":true,"href":"http:\/\/faurymus.com\/index.php\/wp-json\/wp\/v2\/users\/1"}],"replies":[{"embeddable":true,"href":"http:\/\/faurymus.com\/index.php\/wp-json\/wp\/v2\/comments?post=13"}],"version-history":[{"count":7,"href":"http:\/\/faurymus.com\/index.php\/wp-json\/wp\/v2\/pages\/13\/revisions"}],"predecessor-version":[{"id":40,"href":"http:\/\/faurymus.com\/index.php\/wp-json\/wp\/v2\/pages\/13\/revisions\/40"}],"wp:attachment":[{"href":"http:\/\/faurymus.com\/index.php\/wp-json\/wp\/v2\/media?parent=13"}],"curies":[{"name":"wp","href":"https:\/\/api.w.org\/{rel}","templated":true}]}}